{"id":36,"date":"2021-03-18T08:37:11","date_gmt":"2021-03-18T08:37:11","guid":{"rendered":"https:\/\/complexrec2021.aau.dk\/?page_id=36"},"modified":"2021-09-16T13:46:14","modified_gmt":"2021-09-16T13:46:14","slug":"organizers","status":"publish","type":"page","link":"https:\/\/complexrec2021.aau.dk\/?page_id=36","title":{"rendered":"Organizers"},"content":{"rendered":"\n<h3 class=\"wp-block-heading\">Workshop organizers<\/h3>\n\n\n\n<ul class=\"wp-block-list\"><li><strong>Himan Abdollahpouri<\/strong>\u00a0(Spotify)<\/li><li><strong>Toine Bogers<\/strong>\u00a0(Aalborg University Copenhagen)<\/li><li><strong>Bamshad Mobasher<\/strong>\u00a0(DePaul University)<\/li><li><strong>Casper Petersen<\/strong> (SamPension)<\/li><li><strong>Maria Soledad Pera<\/strong>\u00a0(Boise State University)<\/li><\/ul>\n\n\n\n<p>&nbsp;<\/p>\n\n\n\n<h3 class=\"wp-block-heading\">Program committee<\/h3>\n\n\n\n<ul class=\"wp-block-list\"><li><strong>Panos Adamopoulos<\/strong> (Emory University)<\/li><li><strong>Ludovico<\/strong> <strong>Boratto<\/strong> (Eurecat)<\/li><li><strong>Christine<\/strong> <strong>Bauer<\/strong> (University of Utrecht)<\/li><li><strong>Alejandro<\/strong> <strong>Bellogin<\/strong> (Universidad Aut\u00f3noma de Madrid)<\/li><li><strong>Iv\u00e1n<\/strong> <strong>Cantador<\/strong> (Universidad Aut\u00f3noma de Madrid)<\/li><li><strong>Tommaso<\/strong> <strong>Di<\/strong> <strong>Noia<\/strong> (Politecnico di Bari)<\/li><li><strong>Mehdi<\/strong> <strong>Elahi<\/strong> (University of Bergen)<\/li><li><strong>Fabio<\/strong> <strong>Gasparetti<\/strong> (Roma Tre University)<\/li><li><strong>Pasquale<\/strong> <strong>Lops<\/strong> (University of Bari &#8220;Aldo Moro&#8221;)<\/li><li><strong>Mirko<\/strong> <strong>Marras<\/strong> (EPFL)<\/li><li><strong>Cataldo<\/strong> <strong>Musto<\/strong> (University of Bari &#8220;Aldo Moro&#8221;)<\/li><li><strong>Fedelucio<\/strong> <strong>Narducci<\/strong> (University of Bari)<\/li><li><strong>Markus<\/strong> <strong>Schedl<\/strong> (Johannes Kepler University)<\/li><li><strong>Peter<\/strong> <strong>Dolog<\/strong> (Aalborg University)<\/li><li><strong>Cristina Gena<\/strong> (Universita&#8217; degli Studi di Torino)<\/li><li><strong>Hanna Sch\u00e4fer<\/strong> (Universit\u00e4t Konstanz)<\/li><li><strong>Marco De Gemmis<\/strong> (University of Bari)<\/li><li><strong>Bei<\/strong> <strong>Yu <\/strong>(Syracuse University)<\/li><\/ul>\n\n\n\n<p>&nbsp;<\/p>\n\n\n\n<h3 class=\"wp-block-heading\">Contact<\/h3>\n\n\n\n<ul class=\"wp-block-list\"><li><strong>Toine Bogers<\/strong>&nbsp;(<a href=\"mailto:toine@hum.aau.dk\">toine@hum.aau.dk<\/a>)<\/li><\/ul>\n","protected":false},"excerpt":{"rendered":"<p>Workshop organizers Himan Abdollahpouri\u00a0(Spotify) Toine Bogers\u00a0(Aalborg University Copenhagen) Bamshad Mobasher\u00a0(DePaul University) Casper Petersen (SamPension) Maria Soledad Pera\u00a0(Boise State University) &nbsp; Program committee Panos Adamopoulos (Emory University) Ludovico Boratto (Eurecat) Christine Bauer (University of Utrecht) Alejandro Bellogin (Universidad Aut\u00f3noma de Madrid) Iv\u00e1n Cantador (Universidad Aut\u00f3noma de Madrid) Tommaso Di Noia (Politecnico di Bari) Mehdi Elahi (University&hellip; <br \/> <a class=\"button small blue\" href=\"https:\/\/complexrec2021.aau.dk\/?page_id=36\">Read more<\/a><\/p>\n","protected":false},"author":1,"featured_media":0,"parent":0,"menu_order":4,"comment_status":"closed","ping_status":"closed","template":"","meta":{"footnotes":""},"class_list":["post-36","page","type-page","status-publish","hentry"],"_links":{"self":[{"href":"https:\/\/complexrec2021.aau.dk\/index.php?rest_route=\/wp\/v2\/pages\/36","targetHints":{"allow":["GET"]}}],"collection":[{"href":"https:\/\/complexrec2021.aau.dk\/index.php?rest_route=\/wp\/v2\/pages"}],"about":[{"href":"https:\/\/complexrec2021.aau.dk\/index.php?rest_route=\/wp\/v2\/types\/page"}],"author":[{"embeddable":true,"href":"https:\/\/complexrec2021.aau.dk\/index.php?rest_route=\/wp\/v2\/users\/1"}],"replies":[{"embeddable":true,"href":"https:\/\/complexrec2021.aau.dk\/index.php?rest_route=%2Fwp%2Fv2%2Fcomments&post=36"}],"version-history":[{"count":5,"href":"https:\/\/complexrec2021.aau.dk\/index.php?rest_route=\/wp\/v2\/pages\/36\/revisions"}],"predecessor-version":[{"id":102,"href":"https:\/\/complexrec2021.aau.dk\/index.php?rest_route=\/wp\/v2\/pages\/36\/revisions\/102"}],"wp:attachment":[{"href":"https:\/\/complexrec2021.aau.dk\/index.php?rest_route=%2Fwp%2Fv2%2Fmedia&parent=36"}],"curies":[{"name":"wp","href":"https:\/\/api.w.org\/{rel}","templated":true}]}}